{"id":59085,"date":"2011-08-25T10:46:01","date_gmt":"2011-08-25T08:46:01","guid":{"rendered":"http:\/\/www.pcnen.com\/portal\/?page_id=59085"},"modified":"2019-10-08T12:49:23","modified_gmt":"2019-10-08T10:49:23","slug":"marketing","status":"publish","type":"page","link":"https:\/\/www.pcnen.com\/portal\/marketing\/","title":{"rendered":"Marketing"},"content":{"rendered":"<h1>Ukoliko ste zanteresovani da va\u0161e proizvode ili usluge reklamirate na portalu PCNEN ili \u017eelite da na na\u0161im stranicama objavite oglas, javite se na: pcnen@t-com.me.<\/h1>\n<h1>PCNEN je nekomercijalni medij i nema fiksni cjenovnik za marketin\u0161ke usluge, ve\u0107 se cijena odre\u0111uje dogovorom &#8211; na obostrano zadovoljstvo.<\/h1>\n<p>&nbsp;<\/p>\n<p>&nbsp;<\/p>\n","protected":false},"excerpt":{"rendered":"<p>Ukoliko ste zanteresovani da va\u0161e proizvode ili usluge reklamirate na portalu PCNEN ili \u017eelite da na na\u0161im stranicama objavite oglas, javite se na: pcnen@t-com.me. PCNEN je nekomercijalni medij i nema fiksni cjenovnik za marketin\u0161ke usluge, ve\u0107 se cijena odre\u0111uje dogovorom &#8211; na obostrano zadovoljstvo. &nbsp; &nbsp;<\/p>\n","protected":false},"author":1,"featured_media":275262,"parent":0,"menu_order":0,"comment_status":"open","ping_status":"closed","template":"","meta":{"_seopress_robots_primary_cat":"","_seopress_titles_title":"","_seopress_titles_desc":"","_seopress_robots_index":"","_et_pb_use_builder":"","_et_pb_old_content":"","_et_gb_content_width":"","inline_featured_image":false,"footnotes":""},"class_list":["post-59085","page","type-page","status-publish","has-post-thumbnail","hentry"],"_links":{"self":[{"href":"https:\/\/www.pcnen.com\/portal\/wp-json\/wp\/v2\/pages\/59085","targetHints":{"allow":["GET"]}}],"collection":[{"href":"https:\/\/www.pcnen.com\/portal\/wp-json\/wp\/v2\/pages"}],"about":[{"href":"https:\/\/www.pcnen.com\/portal\/wp-json\/wp\/v2\/types\/page"}],"author":[{"embeddable":true,"href":"https:\/\/www.pcnen.com\/portal\/wp-json\/wp\/v2\/users\/1"}],"replies":[{"embeddable":true,"href":"https:\/\/www.pcnen.com\/portal\/wp-json\/wp\/v2\/comments?post=59085"}],"version-history":[{"count":0,"href":"https:\/\/www.pcnen.com\/portal\/wp-json\/wp\/v2\/pages\/59085\/revisions"}],"wp:featuredmedia":[{"embeddable":true,"href":"https:\/\/www.pcnen.com\/portal\/wp-json\/wp\/v2\/media\/275262"}],"wp:attachment":[{"href":"https:\/\/www.pcnen.com\/portal\/wp-json\/wp\/v2\/media?parent=59085"}],"curies":[{"name":"wp","href":"https:\/\/api.w.org\/{rel}","templated":true}]}}