{"id":59081,"date":"2011-08-25T10:41:43","date_gmt":"2011-08-25T08:41:43","guid":{"rendered":"http:\/\/www.pcnen.com\/portal\/?page_id=59081"},"modified":"2022-08-09T10:36:57","modified_gmt":"2022-08-09T08:36:57","slug":"donacije","status":"publish","type":"page","link":"https:\/\/www.pcnen.com\/portal\/donacije\/","title":{"rendered":"Donacije"},"content":{"rendered":"<p>Po\u0161tovani prijatelji\/prijateljice,<\/p>\n<p>PCNEN je bio i osta\u0107e neprofitni medij. To mu je po\u0161lo i polazi\u0107e za rukom zahvaljuju\u0107i samoprijegornom volonterskom radu osniva\u010da i saradnika, kao i dosada\u0161njoj povremenoj donatorskoj podr\u0161ci prijatelja i po\u0161tovalaca.<\/p>\n<blockquote><p><em>Portal PCNEN je redizajniran i bio je u prilici\u00a0 da okupi nove saradnike i saradnice na oboga\u0107ivanju sadr\u017eaja i jo\u0161 sna\u017enijem dru\u0161tvenom anga\u017emanu zahvaljuju\u0107i finansijskoj podr\u0161ci <a href=\"https:\/\/www.democracyendowment.eu\/en\">European Endowment for Democracy\u00a0<\/a> u periodu od jula 2019. do kraja 2021. godine.<\/em><\/p><\/blockquote>\n<p>Ukoliko PCNEN do\u017eivljavate makar djelimi\u010dno kao vlastiti projekat i \u017eelite da on ostane nezavisan i neprofitan, mo\u017eete se pridu\u017eiti onima koji su nas i do sada pomagali.<\/p>\n<p>Ukoliko donatori to \u017eele, informacije o iznosu donacije i njenoj namjeni objavi\u0107emo na ovoj stranici.<\/p>\n<p>Za nas je svaki euro zlata vrijedan, pa ogla\u0161avamo da je najni\u017ei iznos donacije jedan (1) euro.<\/p>\n<p>Hvala unaprijed!<\/p>\n<p>Za uplate iz Crne Gore: <strong>br. \u017er.\u00a0530-1403-72<\/strong> NLB Montenegrobanka, AD Podgorica, Crna Gora.<\/p>\n<p>Za uplate iz inostranstva:<\/p>\n<p>54A ili 56a: INTERMIDIARY INSTITUTION:<br \/>\nCOMMERZBANK AG FRANKFURT\/MAIN<br \/>\nSWIFT: COBADEFF<\/p>\n<p>57A:\u00a0\u00a0\u00a0\u00a0\u00a0\u00a0\u00a0\u00a0\u00a0\u00a0\u00a0 \/400876825101 EUR<br \/>\n\/400876825100 Other Currencies<br \/>\nNLB Montenegrobanka AD Podgorica<br \/>\nSWIFT CODE: MNBAMEPG<\/p>\n<p>59:\u00a0\u00a0\u00a0\u00a0\u00a0\u00a0\u00a0\u00a0\u00a0\u00a0\u00a0\u00a0 \/ME25530005120005095264<br \/>\nNVO PRO-NEN<br \/>\n81 000\u00a0PODGORICA<br \/>\nMONTENEGRO<\/p>\n<p>Obavje\u0161tenje o donaciji mo\u017eete poslati na e-mail adresu: <a href=\"mailto:pcnen@cg.yu\">pcnen@t-com.me<\/a><\/p>\n","protected":false},"excerpt":{"rendered":"<p>Po\u0161tovani prijatelji\/prijateljice, PCNEN je bio i osta\u0107e neprofitni medij. To mu je po\u0161lo i polazi\u0107e za rukom zahvaljuju\u0107i samoprijegornom volonterskom radu osniva\u010da i saradnika, kao i dosada\u0161njoj povremenoj donatorskoj podr\u0161ci prijatelja i po\u0161tovalaca. Portal PCNEN je redizajniran i bio je u prilici\u00a0 da okupi nove saradnike i saradnice na oboga\u0107ivanju sadr\u017eaja i jo\u0161 sna\u017enijem dru\u0161tvenom [&hellip;]<\/p>\n","protected":false},"author":1,"featured_media":275275,"parent":0,"menu_order":0,"comment_status":"open","ping_status":"closed","template":"","meta":{"_seopress_robots_primary_cat":"","_seopress_titles_title":"","_seopress_titles_desc":"","_seopress_robots_index":"","_et_pb_use_builder":"","_et_pb_old_content":"","_et_gb_content_width":"","inline_featured_image":false,"footnotes":""},"class_list":["post-59081","page","type-page","status-publish","has-post-thumbnail","hentry"],"_links":{"self":[{"href":"https:\/\/www.pcnen.com\/portal\/wp-json\/wp\/v2\/pages\/59081","targetHints":{"allow":["GET"]}}],"collection":[{"href":"https:\/\/www.pcnen.com\/portal\/wp-json\/wp\/v2\/pages"}],"about":[{"href":"https:\/\/www.pcnen.com\/portal\/wp-json\/wp\/v2\/types\/page"}],"author":[{"embeddable":true,"href":"https:\/\/www.pcnen.com\/portal\/wp-json\/wp\/v2\/users\/1"}],"replies":[{"embeddable":true,"href":"https:\/\/www.pcnen.com\/portal\/wp-json\/wp\/v2\/comments?post=59081"}],"version-history":[{"count":3,"href":"https:\/\/www.pcnen.com\/portal\/wp-json\/wp\/v2\/pages\/59081\/revisions"}],"predecessor-version":[{"id":352243,"href":"https:\/\/www.pcnen.com\/portal\/wp-json\/wp\/v2\/pages\/59081\/revisions\/352243"}],"wp:featuredmedia":[{"embeddable":true,"href":"https:\/\/www.pcnen.com\/portal\/wp-json\/wp\/v2\/media\/275275"}],"wp:attachment":[{"href":"https:\/\/www.pcnen.com\/portal\/wp-json\/wp\/v2\/media?parent=59081"}],"curies":[{"name":"wp","href":"https:\/\/api.w.org\/{rel}","templated":true}]}}