{"id":276588,"date":"2019-10-25T13:37:40","date_gmt":"2019-10-25T11:37:40","guid":{"rendered":"https:\/\/www.pcnen.com\/portal\/?page_id=276588"},"modified":"2019-11-02T19:41:00","modified_gmt":"2019-11-02T18:41:00","slug":"pravila-komentarisanja","status":"publish","type":"page","link":"https:\/\/www.pcnen.com\/portal\/pravila-komentarisanja\/","title":{"rendered":"Pravila komentarisanja"},"content":{"rendered":"<p><strong>Portal PCNEN<\/strong> po\u0161tuje <a href=\"https:\/\/www.pcnen.com\/portal\/2016\/04\/21\/kodeks-novinaranovinarki-crne-gore\/\"><strong>Kodeks novinara\/novinarki Crne Gore<\/strong><\/a> pri objavljivanju novinarskih i saradni\u010dkih sadr\u017eaja, a to \u010dini i kada je rije\u010d o komentarima posjetilaca\/posjetiteljki. <strong>Pri procjeni eti\u010dnosti komentara na ure\u0111ene sadr\u017eaje portala, uredni\u0161tvo \u0107e se oslanjati na osnovna na\u010dela i smjernice Kodeksa<\/strong>.<\/p>\n<p>Mogu\u0107nost da komentari\u0161u sadr\u017eaj objavljen na portlu PCNEN imaju <strong>samo registrovani posjetioci\/posjetiteljke<\/strong>.<\/p>\n<p>Komentar treba da se odnosi na temu koja je obra\u0111ena u komentarisanom sadr\u017eaju, bilo da je rije\u010d o tekstu, fotografiji, videu ili grafici. Ukoliko to nije slu\u010daj, komentar \u0107e biti brisan \u010dak i ako je njegov sadr\u017eaj nesporan.<\/p>\n<p>Komentarom mo\u017ee da se izrazi kriti\u010dki stav u odnosu na ne\u010dije mi\u0161ljenje, pona\u0161anje i rad, ali <strong>nijesu dozvoljene psovke, uvrede i podsticanje na mr\u017enju<\/strong>.<\/p>\n<p>PCNEN je otvoren za razli\u010dita mi\u0161ljenja, ali u komentaru se ne mo\u017ee izra\u017eavati rasna, nacionalna, i mr\u017enja prema bilo kome ko ima druga\u010dije poglede na razli\u010dite aspekte ljudskog \u017eivljenja, a koji su manjinski u aktuelnom vremenskom periodu.<\/p>\n<p>Administrator \u0107e brisati sporne komentare, a njihove autore upozoravati da ne zloupotrebljavaju pravo na komentarisanje. Onim posjetiocima\/posjetiteljkama koji zloupotrijebe pravo na komentarisanje i poslije dva upozorenja, bi\u0107e ukinuto to pravo.<\/p>\n","protected":false},"excerpt":{"rendered":"<p>Portal PCNEN po\u0161tuje Kodeks novinara\/novinarki Crne Gore pri objavljivanju novinarskih i saradni\u010dkih sadr\u017eaja, a to \u010dini i kada je rije\u010d o komentarima posjetilaca\/posjetiteljki. Pri procjeni eti\u010dnosti komentara na ure\u0111ene sadr\u017eaje portala, uredni\u0161tvo \u0107e se oslanjati na osnovna na\u010dela i smjernice Kodeksa. Mogu\u0107nost da komentari\u0161u sadr\u017eaj objavljen na portlu PCNEN imaju samo registrovani posjetioci\/posjetiteljke. Komentar treba [&hellip;]<\/p>\n","protected":false},"author":3,"featured_media":276589,"parent":0,"menu_order":0,"comment_status":"closed","ping_status":"closed","template":"","meta":{"_seopress_robots_primary_cat":"","_seopress_titles_title":"","_seopress_titles_desc":"","_seopress_robots_index":"","_et_pb_use_builder":"","_et_pb_old_content":"","_et_gb_content_width":"","inline_featured_image":false,"footnotes":""},"class_list":["post-276588","page","type-page","status-publish","has-post-thumbnail","hentry"],"_links":{"self":[{"href":"https:\/\/www.pcnen.com\/portal\/wp-json\/wp\/v2\/pages\/276588","targetHints":{"allow":["GET"]}}],"collection":[{"href":"https:\/\/www.pcnen.com\/portal\/wp-json\/wp\/v2\/pages"}],"about":[{"href":"https:\/\/www.pcnen.com\/portal\/wp-json\/wp\/v2\/types\/page"}],"author":[{"embeddable":true,"href":"https:\/\/www.pcnen.com\/portal\/wp-json\/wp\/v2\/users\/3"}],"replies":[{"embeddable":true,"href":"https:\/\/www.pcnen.com\/portal\/wp-json\/wp\/v2\/comments?post=276588"}],"version-history":[{"count":0,"href":"https:\/\/www.pcnen.com\/portal\/wp-json\/wp\/v2\/pages\/276588\/revisions"}],"wp:featuredmedia":[{"embeddable":true,"href":"https:\/\/www.pcnen.com\/portal\/wp-json\/wp\/v2\/media\/276589"}],"wp:attachment":[{"href":"https:\/\/www.pcnen.com\/portal\/wp-json\/wp\/v2\/media?parent=276588"}],"curies":[{"name":"wp","href":"https:\/\/api.w.org\/{rel}","templated":true}]}}