{"id":272822,"date":"2019-09-03T12:33:21","date_gmt":"2019-09-03T10:33:21","guid":{"rendered":"http:\/\/www.pcnen.com\/portal\/?page_id=272822"},"modified":"2025-07-27T12:02:25","modified_gmt":"2025-07-27T10:02:25","slug":"impressum","status":"publish","type":"page","link":"https:\/\/www.pcnen.com\/portal\/impressum\/","title":{"rendered":"IMPRESSUM"},"content":{"rendered":"<p><strong>Glavna i odgovorna urednica: Dobrila Plamenac Vukovi\u0107<\/strong><br \/>\n<strong>Urednik rubrike Satira: Dejan Tof\u010devi\u0107<\/strong><\/p>\n<p><strong>Saradnici: <\/strong><\/p>\n<p><strong>Ivan \u010ca\u0111enovi\u0107, novinar<br \/>\nTeodora \u0110urni\u0107, novinarka<br \/>\nMilo\u0161 Krivokapi\u0107, saradnik analiti\u010dar<br \/>\n<\/strong><strong>Du\u0161ko Vukovi\u0107, bloger<\/strong><br \/>\n<strong>Omer \u0160arki\u0107, bloger<br \/>\nIbrahim \u010ciki\u0107, bloger<br \/>\nLjiljana Vukovi\u0107, blogerka<br \/>\nKsenija Milovi\u0107, blogerka<br \/>\nPredrag Nikoli\u0107, bloger<br \/>\nDu\u0161ko Vukovi\u0107, bloger<br \/>\nJovan Erakovi\u0107, bloger<br \/>\nNikAC, bloger<\/strong><\/p>\n<p>Adresa:<br \/>\nJerevanska 32<br \/>\npcnen@t-com.me<br \/>\n81000 Podgorica<br \/>\nCrna Gora<\/p>\n<p>&nbsp;<\/p>\n<p>&nbsp;<\/p>\n","protected":false},"excerpt":{"rendered":"<p>Glavna i odgovorna urednica: Dobrila Plamenac Vukovi\u0107 Urednik rubrike Satira: Dejan Tof\u010devi\u0107 Saradnici: Ivan \u010ca\u0111enovi\u0107, novinar Teodora \u0110urni\u0107, novinarka Milo\u0161 Krivokapi\u0107, saradnik analiti\u010dar Du\u0161ko Vukovi\u0107, bloger Omer \u0160arki\u0107, bloger Ibrahim \u010ciki\u0107, bloger Ljiljana Vukovi\u0107, blogerka Ksenija Milovi\u0107, blogerka Predrag Nikoli\u0107, bloger Du\u0161ko Vukovi\u0107, bloger Jovan Erakovi\u0107, bloger NikAC, bloger Adresa: Jerevanska 32 pcnen@t-com.me 81000 Podgorica [&hellip;]<\/p>\n","protected":false},"author":3,"featured_media":276603,"parent":0,"menu_order":0,"comment_status":"closed","ping_status":"closed","template":"","meta":{"_seopress_robots_primary_cat":"","_seopress_titles_title":"","_seopress_titles_desc":"","_seopress_robots_index":"","_et_pb_use_builder":"","_et_pb_old_content":"","_et_gb_content_width":"","inline_featured_image":false,"footnotes":""},"class_list":["post-272822","page","type-page","status-publish","has-post-thumbnail","hentry"],"_links":{"self":[{"href":"https:\/\/www.pcnen.com\/portal\/wp-json\/wp\/v2\/pages\/272822","targetHints":{"allow":["GET"]}}],"collection":[{"href":"https:\/\/www.pcnen.com\/portal\/wp-json\/wp\/v2\/pages"}],"about":[{"href":"https:\/\/www.pcnen.com\/portal\/wp-json\/wp\/v2\/types\/page"}],"author":[{"embeddable":true,"href":"https:\/\/www.pcnen.com\/portal\/wp-json\/wp\/v2\/users\/3"}],"replies":[{"embeddable":true,"href":"https:\/\/www.pcnen.com\/portal\/wp-json\/wp\/v2\/comments?post=272822"}],"version-history":[{"count":15,"href":"https:\/\/www.pcnen.com\/portal\/wp-json\/wp\/v2\/pages\/272822\/revisions"}],"predecessor-version":[{"id":436126,"href":"https:\/\/www.pcnen.com\/portal\/wp-json\/wp\/v2\/pages\/272822\/revisions\/436126"}],"wp:featuredmedia":[{"embeddable":true,"href":"https:\/\/www.pcnen.com\/portal\/wp-json\/wp\/v2\/media\/276603"}],"wp:attachment":[{"href":"https:\/\/www.pcnen.com\/portal\/wp-json\/wp\/v2\/media?parent=272822"}],"curies":[{"name":"wp","href":"https:\/\/api.w.org\/{rel}","templated":true}]}}